





{"id":318,"date":"2022-09-02T10:09:05","date_gmt":"2022-09-02T08:09:05","guid":{"rendered":"http:\/\/localhost:8888\/?page_id=318"},"modified":"2025-07-04T09:19:04","modified_gmt":"2025-07-04T07:19:04","slug":"accueil","status":"publish","type":"page","link":"https:\/\/negociants.ch\/fr\/","title":{"rendered":"Accueil"},"content":{"rendered":"  <div class=\" container-fluid hero-page \" style=\"background-image:  url('https:\/\/negociants.ch\/app\/uploads\/2025\/07\/Cafe-des-Negociants_restaurant-\u00a9-mathilda-perrot-1.jpg');\" id=\"hero_block\">\n      <a href=\"https:\/\/negociants.ch\/fr\/\" class=\"hero-logo-link\" > \n      <span class=\"hero-logo\" style=\"background-image: url('https:\/\/negociants.ch\/app\/uploads\/2023\/08\/cafe-des-negociants-logo.white-signature2.svg');\"><\/span>\n\n       <\/a>\n\n\n  \n    \n\n    \n<section class=\"gradient-bottom-menu\"><\/section>\n\n<section class=\"hero-menu\">\n  <div class=\"container\">\n    <div class=\"row hero-menu-row\">\n             \n        <a href=\"https:\/\/negociants.ch\/fr\/restaurant\/\" class=\"col-md-4 single-menu-column\">\n          <div id=\"hero_menu_block_1\" class=\"hero-menu-block \" data-image-hover-url=\"https:\/\/negociants.ch\/app\/uploads\/2023\/09\/le-cafe-des-negociants-HERO-TABLE.jpg\">\n            <div class=\"single-menu-title\">\n              <h2> Le Restaurant <\/h2>\n            <\/div>\n            <div class=\"single-menu-description\">\n              Authentique et traditionnel\n            <\/div>\n            <div class=\"single-menu-button\">\n              D\u00c9COUVRIR \n            <\/div>\n          <\/div>\n        <\/a>\n             \n        <a href=\"https:\/\/negociants.ch\/fr\/le-cellier\/\" class=\"col-md-4 single-menu-column\">\n          <div id=\"hero_menu_block_2\" class=\"hero-menu-block \" data-image-hover-url=\"https:\/\/negociants.ch\/app\/uploads\/2023\/09\/le-cafe-des-negociants-cellier01.jpg\">\n            <div class=\"single-menu-title\">\n              <h2> Le Cellier <\/h2>\n            <\/div>\n            <div class=\"single-menu-description\">\n              Pour des moments privil\u00e9gi\u00e9s\n            <\/div>\n            <div class=\"single-menu-button\">\n              D\u00c9COUVRIR \n            <\/div>\n          <\/div>\n        <\/a>\n             \n        <a href=\"https:\/\/negociants.ch\/fr\/evenements\/\" class=\"col-md-4 single-menu-column\">\n          <div id=\"hero_menu_block_3\" class=\"hero-menu-block \" data-image-hover-url=\"https:\/\/negociants.ch\/app\/uploads\/2023\/09\/hero-le-cafe-des-negociants-salle-privative.jpg\">\n            <div class=\"single-menu-title\">\n              <h2> Les \u00e9v\u00e9nements <\/h2>\n            <\/div>\n            <div class=\"single-menu-description\">\n              Notre salle priv\u00e9e \r\net son bar lounge\n            <\/div>\n            <div class=\"single-menu-button\">\n              D\u00c9COUVRIR \n            <\/div>\n          <\/div>\n        <\/a>\n          <\/div>\n  <\/div>\n<\/section>\n   \n  \n<\/div>\n\n<div id=\"bouillon-content\"><\/div>\n\n<section class=\"block-text-image  bg-left\" id=\"\" style=\"background-color:#ffffff; background-image: url('')  ;\">\n  <div class=\"container block-wrapper\" >\n    <div class=\"row\">\n\n      <div class=\"col-md-6 content-column\">\n        <div class=\"fields-subtitle\">\n          <h5> L&#8217;un des plus anciens bistrots de carouge <\/h5>\n        <\/div>\n        <div class=\"fields-title\">\n          <h3> Le Restaurant <\/h3>\n        <\/div>\n        <div class=\"fields-description\">\n          <p style=\"text-align: justify; background: white;\"><span style=\"font-size: 13.0pt; font-family: 'PT Serif',serif; color: #231108;\">Dans <strong>un cadre authentique et chaleureux<\/strong>, qui rappelle les bouchons lyonnais, le Caf\u00e9 des N\u00e9gociants vous accueille du mardi au samedi au c\u0153ur du Vieux Carouge. Design \u00e9pur\u00e9, publicit\u00e9s anciennes, zinc d\u2019\u00e9poque, le d\u00e9cor est sobre et \u00e9l\u00e9gant. L\u2019\u00e9t\u00e9, la terrasse est id\u00e9ale pour profiter de l\u2019animation de ce quartier au charme typiquement sarde.<\/span><\/p>\n<p style=\"text-align: justify; background: white;\"><span style=\"font-size: 13.0pt; font-family: 'PT Serif',serif; color: #231108;\">V\u00e9ritable institution, le Caf\u00e9 des N\u00e9gociants propose <strong>une cuisine traditionnelle et raffin\u00e9e<\/strong>. La cassolette d\u2019escargots, les cuisses de grenouilles po\u00eal\u00e9es en persillade ou la fameuse entrec\u00f4te carougeoise font la renomm\u00e9e de la maison. Une belle carte, des menus de saison et un cellier qui compte plus de 100 r\u00e9f\u00e9rences.<\/span><\/p>\n\n        <\/div>\n        <div class=\"button-container-wrapper\">\n\n                      <div class=\"row button-container\">\n              <a href=\"\/fr\/restaurant\/#carte\" class=\"fields-button\">\n                LA CARTE \n              <\/a>\n                            <a href=\"\/fr\/restaurant\/#menus\" class=\"fields-button fields-button2\">\n                LES MENUS \n              <\/a>\n                          <\/div>\n            \n\n        <\/div>\n      <\/div>\n\n      <div class=\"col-md-6 image-column image-right bloc-image-gallery\">\n        \n        <div class=\"container-fluid\">\n          <div class=\"row\">\n\n                                    <img decoding=\"async\" class=\"image-haut\" src=\"https:\/\/negociants.ch\/app\/uploads\/2024\/04\/Cafe-des-Negociants-8.jpg\" alt=\"cafe-des-negociants-8\">\n            \n                        \n                                  <\/div>\n        <\/div>\n\n      <\/div>\n\n    <\/div>\n  <\/div>\n<\/section>\n\n<section class=\"block-image-text bg-right\"  id=\"\" style=\"background-color:#f4f0e3; background-image: url('')  ;\">\n  <div class=\"container block-wrapper\">\n    <div class=\"row\">\n      \n      <div class=\"col-md-6 bloc-image-gallery\">\n\n        <div class=\"container-fluid\">\n          <div class=\"row\">\n                                          <img decoding=\"async\" class=\"image-haut\" src=\"https:\/\/negociants.ch\/app\/uploads\/2023\/10\/Les-Negociants.jpg\" alt=\"les-negociants\">\n              \n                                          \n                                       \n          <\/div>\n        <\/div>\n      <\/div>\n\n      <div class=\"col-md-6 content-column\">\n        <div class=\"fields-subtitle\">\n          <h5> Un accueil chaleureux <\/h5>\n        <\/div>\n        <div class=\"fields-title\">\n          <h3> Le Chef <br> et le Directeur de salle <\/h3>\n        <\/div>\n        <div class=\"fields-description\">\n          <p>C\u2019est le Chef <strong>Romain Loiseau<\/strong>, qui a travaill\u00e9 plus de 12 ans dans les \u00e9tablissements du Chef Philippe Chevrier, qui est aux manettes des fourneaux du Caf\u00e9 des N\u00e9gociants.<\/p>\n<p>Il forme un duo complice et tr\u00e8s compl\u00e9mentaire avec<strong> Patrick Gal<\/strong>, le directeur de la salle. G\u00e9n\u00e9reux et attentif, Patrick est le ma\u00eetre de maison de cette institution.<\/p>\n\n        <\/div>\n        <div class=\"button-container-wrapper\">\n\n                      <div class=\"row button-container\">\n              <a href=\"\/fr\/restaurant\/#romain-loiseau-et-patrick-gal\" class=\"fields-button\">\n                PLUS D&#8217;INFOS \n              <\/a>\n                                        <\/div>\n            \n\n        <\/div>\n      <\/div>\n    <\/div>\n  <\/div>\n<\/section>\n\n\n<section class=\"block-text-image  bg-left\" id=\"lieux\" style=\"background-color:; background-image: url('')  ;\">\n  <div class=\"container block-wrapper\" >\n    <div class=\"row\">\n\n      <div class=\"col-md-6 content-column\">\n        <div class=\"fields-subtitle\">\n          <h5> Pour des moments hors du temps au coeur du vieux carouge <\/h5>\n        <\/div>\n        <div class=\"fields-title\">\n          <h3> Le cellier &#038; les \u00e9v\u00e9nements <\/h3>\n        <\/div>\n        <div class=\"fields-description\">\n          <p><strong>Le Cellier<br \/>\n<\/strong>En sous-sol, au milieu de nos meilleurs crus, r\u00e9servez notre table du cellier pour un repas priv\u00e9 jusqu&#8217;\u00e0 dix personnes.<\/p>\n<p><b>La Salle priv\u00e9e et son bar pour vos \u00e9v\u00e9nements<\/b><br \/>\nD\u00e9jeuner d&#8217;affaire, s\u00e9minaire, d\u00eener en famille ou entre amis, notre salle priv\u00e9e accueille entre huit et seize personnes pour un moment en toute tranquillit\u00e9 dans l&#8217;atmosph\u00e8re typique du Caf\u00e9 des N\u00e9gociants.<\/p>\n\n        <\/div>\n        <div class=\"button-container-wrapper\">\n\n                      <div class=\"row button-container\">\n              <a href=\"\/fr\/le-cellier\" class=\"fields-button\">\n                LE CELLIER \n              <\/a>\n                            <a href=\"\/fr\/evenements\" class=\"fields-button fields-button2\">\n                LES \u00c9V\u00c9NEMENTS \n              <\/a>\n                          <\/div>\n            \n\n        <\/div>\n      <\/div>\n\n      <div class=\"col-md-6 image-column image-right bloc-image-gallery\">\n        \n        <div class=\"container-fluid\">\n          <div class=\"row\">\n\n                        \n                        \n                                    <!-- Slider main container -->\n            <!-- Slider main container -->\n            <div id=\"cmsSlider\" class=\"swiper cms-swiper\">\n              <!-- Additional required wrapper -->\n              <div class=\"swiper-wrapper\">\n                                  <div class=\"swiper-slide\">\n                    <img decoding=\"async\" class=\"swiper-slide\" src=\"https:\/\/negociants.ch\/app\/uploads\/2023\/09\/le-cafe-des-negociants-cellier01-1.jpg\">\n                  <\/div>\n                                  <div class=\"swiper-slide\">\n                    <img decoding=\"async\" class=\"swiper-slide\" src=\"https:\/\/negociants.ch\/app\/uploads\/2023\/09\/le-cafe-des-negociants-cellier02.jpg\">\n                  <\/div>\n                                  <div class=\"swiper-slide\">\n                    <img decoding=\"async\" class=\"swiper-slide\" src=\"https:\/\/negociants.ch\/app\/uploads\/2023\/09\/le-cafe-des-negociants-cellier03.jpg\">\n                  <\/div>\n                              <\/div>\n              <!-- If we need pagination -->\n              <div class=\"swiper-pagination \"><\/div>\n              \n              <!-- If we need navigation buttons -->\n              <div class=\"swiper-button-prev\"><\/div>\n              <div class=\"swiper-button-next\"><\/div>\n            <\/div>\n                      <\/div>\n        <\/div>\n\n      <\/div>\n\n    <\/div>\n  <\/div>\n<\/section>\n\n<section class=\"reservation-container\" style=\"background-image: linear-gradient(180deg, transparent  30%, rgba(0, 0, 0, 0.5) 120%), url('https:\/\/negociants.ch\/app\/uploads\/2024\/11\/Cafe-des-Negociants_Le-Cellier-\u00a9-Mathilda-Perrot-28.jpg')\" alt=\"cafe-des-negociants_le-cellier-mathilda-perrot-28\">\n  <a href=\"https:\/\/negociants.ch\/fr\/reservation\/\" class=\"reservation-link\">\n    <div class=\"container\">\n      <div class=\"row\">\n        <div class=\"content-block-reservation\">\n          <div class=\"col-md-12 fields-subtitle col-xs-12\">\n            <p> D\u00e9gustez la cuisine du bistrot carougeois <\/p> \n          <\/div>\n          <div class=\"col-md-12 fields-title col-xs-12\">\n            <h2> R\u00c9SERVEZ <\/h2>\n          <\/div>\n            \n          <div class=\"col-md-12 col-xs-12\">\n          <p class=\"fields-description\"> Une cuisine du march\u00e9, g\u00e9n\u00e9reuse, raffin\u00e9e et pleine de saveurs <\/p>\n          <\/div>\n          <div class=\"col-md-12 single-menu-button\">\n            <p> JE R\u00c9SERVE UNE TABLE  <\/p>\n          <\/div>\n        <\/div>\n      <\/div>\n    <\/div>\n  <\/a>\n<\/section>\n\n  <section class=\"socials-container\" style=\"background-color:#d0be7a;\">\n  <div class=\"container\">\n    <div class=\"row\">\n    <div class=\"col-md-2 \"><\/div>\n      <div class=\"col-md-4 fields-title\">\n        <h4> Suivez nous <\/h4>\n       \n      <\/div>\n      <div class=\"col-md-4\">\n        <div class=\"fields-socials\">\n            <a href=\"https:\/\/www.instagram.com\/cafedesnegociantsgeneve\/\" target=\"_blank\"> <i class=\"fa-brands fa-instagram fa-2xl\"><\/i> <\/a>\n            <a href=\"https:\/\/www.facebook.com\/CafeDesNegociantsGeneve\/\" target=\"_blank\"> <i class=\"fa-brands fa-facebook fa-2xl\"><\/i> <\/a>\n                      <\/div>\n      <\/div>\n      <div class=\"col-md-2 \"><\/div>\n          <\/div>\n  <\/div>\n<\/section>","protected":false},"excerpt":{"rendered":"","protected":false},"author":2,"featured_media":0,"parent":0,"menu_order":1,"comment_status":"closed","ping_status":"closed","template":"","meta":{"inline_featured_image":false,"footnotes":""},"class_list":["post-318","page","type-page","status-publish","hentry"],"acf":[],"_links":{"self":[{"href":"https:\/\/negociants.ch\/fr\/wp-json\/wp\/v2\/pages\/318"}],"collection":[{"href":"https:\/\/negociants.ch\/fr\/wp-json\/wp\/v2\/pages"}],"about":[{"href":"https:\/\/negociants.ch\/fr\/wp-json\/wp\/v2\/types\/page"}],"author":[{"embeddable":true,"href":"https:\/\/negociants.ch\/fr\/wp-json\/wp\/v2\/users\/2"}],"replies":[{"embeddable":true,"href":"https:\/\/negociants.ch\/fr\/wp-json\/wp\/v2\/comments?post=318"}],"version-history":[{"count":846,"href":"https:\/\/negociants.ch\/fr\/wp-json\/wp\/v2\/pages\/318\/revisions"}],"predecessor-version":[{"id":8732,"href":"https:\/\/negociants.ch\/fr\/wp-json\/wp\/v2\/pages\/318\/revisions\/8732"}],"wp:attachment":[{"href":"https:\/\/negociants.ch\/fr\/wp-json\/wp\/v2\/media?parent=318"}],"curies":[{"name":"wp","href":"https:\/\/api.w.org\/{rel}","templated":true}]}}