





{"id":2572,"date":"2022-12-19T13:55:57","date_gmt":"2022-12-19T12:55:57","guid":{"rendered":"https:\/\/chateauvieux.monsieurbouillon.ch\/?page_id=2572"},"modified":"2025-01-31T15:58:27","modified_gmt":"2025-01-31T14:58:27","slug":"le-cellier","status":"publish","type":"page","link":"https:\/\/negociants.ch\/fr\/le-cellier\/","title":{"rendered":"Le Cellier"},"content":{"rendered":"  <div class=\" container-fluid hero-page \" style=\"background-image:  url('https:\/\/negociants.ch\/app\/uploads\/2024\/11\/Cafe-des-Negociants_Le-Cellier-\u00a9-Mathilda-Perrot-2.jpg');\" id=\"hero_block\">\n      <a href=\"https:\/\/negociants.ch\/fr\/\" class=\"hero-logo-link\" > \n      <span class=\"hero-logo\" style=\"background-image: url('https:\/\/negociants.ch\/app\/uploads\/2023\/08\/cafe-des-negociants-logo.white-signature2.svg');\"><\/span>\n\n       <\/a>\n\n\n      <h1 class=\"hero-title\"> Le Cellier <\/h1>\n\n  \n    \n\n      <div class=\"row discover-row\">\n      <div class=\"col-md-12\">\n      <a href=\"#bouillon-content\" class=\"skip\">\n                  D\u00e9couvrir\n                          <i class=\"fa-solid fa-chevron-down\"><\/i>\n      <\/a>\n      <\/div>\n    <\/div>\n   \n  \n<\/div>\n\n<div id=\"bouillon-content\"><\/div>\n\n<section class=\"block-text-image  bg-left\" id=\"\" style=\"background-color:#ffffff; background-image: url('')  ;\">\n  <div class=\"container block-wrapper\" >\n    <div class=\"row\">\n\n      <div class=\"col-md-6 content-column\">\n        <div class=\"fields-subtitle\">\n          <h5> The &#8220;place to be&#8221; <\/h5>\n        <\/div>\n        <div class=\"fields-title\">\n          <h3> Le Cellier <\/h3>\n        <\/div>\n        <div class=\"fields-description\">\n          <p>En sous-sol, au milieu de nos meilleurs crus, r\u00e9servez notre table du cellier pour un repas en priv\u00e9 <strong>jusqu&#8217;\u00e0 dix personnes.<\/strong><\/p>\n\n        <\/div>\n        <div class=\"button-container-wrapper\">\n\n                      <div class=\"row button-container\">\n              <a href=\"\/fr\/contact\/\" class=\"fields-button\">\n                CONTACTEZ-NOUS \n              <\/a>\n                                        <\/div>\n            \n\n        <\/div>\n      <\/div>\n\n      <div class=\"col-md-6 image-column image-right bloc-image-gallery\">\n        \n        <div class=\"container-fluid\">\n          <div class=\"row\">\n\n                                    <img decoding=\"async\" class=\"image-haut\" src=\"https:\/\/negociants.ch\/app\/uploads\/2024\/11\/Cafe-des-Negociants_Le-Cellier-\u00a9-Mathilda-Perrot-10.jpg\" alt=\"cafe-des-negociants_le-cellier-mathilda-perrot-10\">\n            \n                        \n                                  <\/div>\n        <\/div>\n\n      <\/div>\n\n    <\/div>\n  <\/div>\n<\/section>\n\n  <section class=\"socials-container\" style=\"background-color:#d0be7a;\">\n  <div class=\"container\">\n    <div class=\"row\">\n    <div class=\"col-md-2 \"><\/div>\n      <div class=\"col-md-4 fields-title\">\n        <h4> Suivez nous <\/h4>\n       \n      <\/div>\n      <div class=\"col-md-4\">\n        <div class=\"fields-socials\">\n            <a href=\"https:\/\/www.instagram.com\/cafedesnegociantsgeneve\/\" target=\"_blank\"> <i class=\"fa-brands fa-instagram fa-2xl\"><\/i> <\/a>\n            <a href=\"https:\/\/www.facebook.com\/CafeDesNegociantsGeneve\/\" target=\"_blank\"> <i class=\"fa-brands fa-facebook fa-2xl\"><\/i> <\/a>\n                      <\/div>\n      <\/div>\n      <div class=\"col-md-2 \"><\/div>\n          <\/div>\n  <\/div>\n<\/section>","protected":false},"excerpt":{"rendered":"","protected":false},"author":2,"featured_media":0,"parent":0,"menu_order":7,"comment_status":"closed","ping_status":"closed","template":"","meta":{"inline_featured_image":false,"footnotes":""},"class_list":["post-2572","page","type-page","status-publish","hentry"],"acf":[],"_links":{"self":[{"href":"https:\/\/negociants.ch\/fr\/wp-json\/wp\/v2\/pages\/2572"}],"collection":[{"href":"https:\/\/negociants.ch\/fr\/wp-json\/wp\/v2\/pages"}],"about":[{"href":"https:\/\/negociants.ch\/fr\/wp-json\/wp\/v2\/types\/page"}],"author":[{"embeddable":true,"href":"https:\/\/negociants.ch\/fr\/wp-json\/wp\/v2\/users\/2"}],"replies":[{"embeddable":true,"href":"https:\/\/negociants.ch\/fr\/wp-json\/wp\/v2\/comments?post=2572"}],"version-history":[{"count":233,"href":"https:\/\/negociants.ch\/fr\/wp-json\/wp\/v2\/pages\/2572\/revisions"}],"predecessor-version":[{"id":8019,"href":"https:\/\/negociants.ch\/fr\/wp-json\/wp\/v2\/pages\/2572\/revisions\/8019"}],"wp:attachment":[{"href":"https:\/\/negociants.ch\/fr\/wp-json\/wp\/v2\/media?parent=2572"}],"curies":[{"name":"wp","href":"https:\/\/api.w.org\/{rel}","templated":true}]}}